{"id":242,"date":"2020-10-06T07:35:27","date_gmt":"2020-10-06T07:35:27","guid":{"rendered":"https:\/\/www.mojemedicentrum.cz\/?page_id=242"},"modified":"2022-10-11T13:56:38","modified_gmt":"2022-10-11T13:56:38","slug":"uvodni-strana","status":"publish","type":"page","link":"https:\/\/www.mojemedicentrum.cz\/","title":{"rendered":"\u00davodn\u00ed strana"},"content":{"rendered":"\n<div class=\"wp-block-cover alignfull is-light\" style=\"min-height:1109px;aspect-ratio:unset;\"><span aria-hidden=\"true\" class=\"wp-block-cover__background has-background-dim-0 has-background-dim\"><\/span><img loading=\"lazy\" decoding=\"async\" width=\"1920\" height=\"1100\" class=\"wp-block-cover__image-background wp-image-264\" alt=\"\" src=\"http:\/\/www.mojemedicentrum.cz\/wp-content\/uploads\/2020\/10\/diagnostic-banner.jpg\" style=\"object-position:41% 59%\" data-object-fit=\"cover\" data-object-position=\"41% 59%\" srcset=\"https:\/\/www.mojemedicentrum.cz\/wp-content\/uploads\/2020\/10\/diagnostic-banner.jpg 1920w, https:\/\/www.mojemedicentrum.cz\/wp-content\/uploads\/2020\/10\/diagnostic-banner-300x172.jpg 300w, https:\/\/www.mojemedicentrum.cz\/wp-content\/uploads\/2020\/10\/diagnostic-banner-1024x587.jpg 1024w, https:\/\/www.mojemedicentrum.cz\/wp-content\/uploads\/2020\/10\/diagnostic-banner-768x440.jpg 768w, https:\/\/www.mojemedicentrum.cz\/wp-content\/uploads\/2020\/10\/diagnostic-banner-1536x880.jpg 1536w\" sizes=\"auto, (max-width: 1920px) 100vw, 1920px\" \/><div class=\"wp-block-cover__inner-container is-layout-flow wp-block-cover-is-layout-flow\">\n<div class=\"wp-block-columns alignfull are-vertically-aligned-center is-layout-flex wp-container-core-columns-is-layout-28f84493 wp-block-columns-is-layout-flex\">\n<div class=\"wp-block-column is-vertically-aligned-center is-layout-flow wp-block-column-is-layout-flow\">\n<h6 class=\"has-ast-global-color-1-color has-text-color wp-block-heading\">MOJE MEDICENTRUM<\/h6>\n\n\n\n<h1 class=\"has-ast-global-color-2-color has-text-color wp-block-heading\">VA\u0160E ZDRAV\u00cd, NA\u0160E PRIORITA.<\/h1>\n\n\n\n<p>Moje Medicentrum je komplexn\u00ed nest\u00e1tn\u00ed zdravotnick\u00e9 za\u0159\u00edzen\u00ed, kter\u00e9 se nach\u00e1z\u00ed v \u0161ir\u0161\u00edm centru hlavn\u00edho m\u011bsta, p\u00e1r krok\u016f od Strossmayerova n\u00e1m\u011bst\u00ed. Moje Medicentrum je um\u00edst\u011bno v secesn\u00ed budov\u011b b\u00fdval\u00fdch Hole\u0161ovick\u00fdch l\u00e1zn\u00ed, postavenou roku 1904.<\/p>\n\n\n\n<p class=\"has-large-font-size\">Aktu\u00e1ln\u011b prob\u00edh\u00e1 celkov\u00e1 rekonstrukce zdravotnick\u00e9ho za\u0159\u00edzen\u00ed a \u017e\u00e1dn\u00e1 ordinace tedy nefunguje. Informace o nov\u00fdch adres\u00e1ch ordinac\u00ed naleznete zde na webu. <\/p>\n\n\n\n<p class=\"has-x-large-font-size\">T\u011a\u0160\u00cdME SE NA V\u00c1S V NOV\u00c9M!<\/p>\n<\/div>\n\n\n\n<div class=\"wp-block-column is-vertically-aligned-center is-layout-flow wp-block-column-is-layout-flow\">\n<figure class=\"wp-block-image size-large\"><img loading=\"lazy\" decoding=\"async\" width=\"662\" height=\"1024\" src=\"http:\/\/www.mojemedicentrum.cz\/wp-content\/uploads\/2022\/06\/dr-costume-treatment-3439566-662x1024.jpg\" alt=\"dr, costume, treatment-3439566.jpg\" class=\"wp-image-890\" srcset=\"https:\/\/www.mojemedicentrum.cz\/wp-content\/uploads\/2022\/06\/dr-costume-treatment-3439566-662x1024.jpg 662w, https:\/\/www.mojemedicentrum.cz\/wp-content\/uploads\/2022\/06\/dr-costume-treatment-3439566-194x300.jpg 194w, https:\/\/www.mojemedicentrum.cz\/wp-content\/uploads\/2022\/06\/dr-costume-treatment-3439566-768x1187.jpg 768w, https:\/\/www.mojemedicentrum.cz\/wp-content\/uploads\/2022\/06\/dr-costume-treatment-3439566.jpg 828w\" sizes=\"auto, (max-width: 662px) 100vw, 662px\" \/><\/figure>\n<\/div>\n<\/div>\n<\/div><\/div>\n\n\n\n<div class=\"inherit-container-width wp-block-group alignfull has-ast-global-color-5-background-color has-background is-layout-constrained wp-block-group-is-layout-constrained\"><div class=\"wp-block-group__inner-container\">\n<h2 class=\"wp-block-heading\">kontakty<font _mstmutation=\"1\" _msthash=\"1067027\"><\/font><\/h2>\n<\/div><\/div>\n\n\n\n<div class=\"inherit-container-width wp-block-group alignfull has-ast-global-color-5-background-color has-background is-layout-constrained wp-block-group-is-layout-constrained\"><div class=\"wp-block-group__inner-container\">\n<div class=\"wp-block-columns is-layout-flex wp-container-core-columns-is-layout-28f84493 wp-block-columns-is-layout-flex\">\n<div class=\"wp-block-column is-layout-flow wp-block-column-is-layout-flow\">\n<figure class=\"wp-block-image\"><img loading=\"lazy\" decoding=\"async\" width=\"1080\" height=\"1080\" src=\"http:\/\/www.mojemedicentrum.cz\/wp-content\/uploads\/2022\/06\/Bez-nazvu-Prispevek-na-Instagramu.png\" alt=\"\" class=\"wp-image-892\" srcset=\"https:\/\/www.mojemedicentrum.cz\/wp-content\/uploads\/2022\/06\/Bez-nazvu-Prispevek-na-Instagramu.png 1080w, https:\/\/www.mojemedicentrum.cz\/wp-content\/uploads\/2022\/06\/Bez-nazvu-Prispevek-na-Instagramu-300x300.png 300w, https:\/\/www.mojemedicentrum.cz\/wp-content\/uploads\/2022\/06\/Bez-nazvu-Prispevek-na-Instagramu-1024x1024.png 1024w, https:\/\/www.mojemedicentrum.cz\/wp-content\/uploads\/2022\/06\/Bez-nazvu-Prispevek-na-Instagramu-150x150.png 150w, https:\/\/www.mojemedicentrum.cz\/wp-content\/uploads\/2022\/06\/Bez-nazvu-Prispevek-na-Instagramu-768x768.png 768w\" sizes=\"auto, (max-width: 1080px) 100vw, 1080px\" \/><\/figure>\n<\/div>\n\n\n\n<div class=\"wp-block-column is-layout-flow wp-block-column-is-layout-flow\">\n<div class=\"wp-block-columns are-vertically-aligned-center has-ast-global-color-5-background-color has-background is-layout-flex wp-container-core-columns-is-layout-28f84493 wp-block-columns-is-layout-flex\">\n<div class=\"wp-block-column is-vertically-aligned-center is-layout-flow wp-block-column-is-layout-flow\">\n<h3 class=\"wp-block-heading\">kontakty<\/h3>\n\n\n\n<p>Telefon: +420 233 378 809<\/p>\n\n\n\n<p>Email: info@mojemedicentrum.cz<\/p>\n<\/div>\n\n\n\n<div class=\"wp-block-column is-vertically-aligned-center is-layout-flow wp-block-column-is-layout-flow\">\n<h3 class=\"wp-block-heading\">adresa<\/h3>\n\n\n\n<p>Dukelsk\u00fdch hrdin\u016f 848\/17<\/p>\n\n\n\n<p> Praha 7 &#8211; Hole\u0161ovice              <\/p>\n\n\n\n<p>17000<\/p>\n<\/div>\n<\/div>\n\n\n\n<div class=\"wp-block-columns is-layout-flex wp-container-core-columns-is-layout-28f84493 wp-block-columns-is-layout-flex\">\n<div class=\"wp-block-column is-layout-flow wp-block-column-is-layout-flow\">\n<h3 class=\"wp-block-heading\">otev\u00edrac\u00ed doba<\/h3>\n\n\n\n<p>Pond\u011bl\u00ed &#8211; P\u00e1tek                            <\/p>\n\n\n\n<p>8:30 &#8211; 15:30<\/p>\n<\/div>\n\n\n\n<div class=\"wp-block-column is-layout-flow wp-block-column-is-layout-flow\">\n<ul class=\"wp-block-social-links has-large-icon-size is-layout-flex wp-block-social-links-is-layout-flex\"><li class=\"wp-social-link wp-social-link-facebook  wp-block-social-link\"><a href=\"https:\/\/www.facebook.cz\/mojemedicentrum\" class=\"wp-block-social-link-anchor\"><svg width=\"24\" height=\"24\" viewBox=\"0 0 24 24\" version=\"1.1\" xmlns=\"http:\/\/www.w3.org\/2000\/svg\" aria-hidden=\"true\" focusable=\"false\"><path d=\"M12 2C6.5 2 2 6.5 2 12c0 5 3.7 9.1 8.4 9.9v-7H7.9V12h2.5V9.8c0-2.5 1.5-3.9 3.8-3.9 1.1 0 2.2.2 2.2.2v2.5h-1.3c-1.2 0-1.6.8-1.6 1.6V12h2.8l-.4 2.9h-2.3v7C18.3 21.1 22 17 22 12c0-5.5-4.5-10-10-10z\"><\/path><\/svg><span class=\"wp-block-social-link-label screen-reader-text\">Facebook<\/span><\/a><\/li>\n\n<li class=\"wp-social-link wp-social-link-instagram  wp-block-social-link\"><a href=\"https:\/\/www.instagram.com\/mojemedicentrum\" class=\"wp-block-social-link-anchor\"><svg width=\"24\" height=\"24\" viewBox=\"0 0 24 24\" version=\"1.1\" xmlns=\"http:\/\/www.w3.org\/2000\/svg\" aria-hidden=\"true\" focusable=\"false\"><path d=\"M12,4.622c2.403,0,2.688,0.009,3.637,0.052c0.877,0.04,1.354,0.187,1.671,0.31c0.42,0.163,0.72,0.358,1.035,0.673 c0.315,0.315,0.51,0.615,0.673,1.035c0.123,0.317,0.27,0.794,0.31,1.671c0.043,0.949,0.052,1.234,0.052,3.637 s-0.009,2.688-0.052,3.637c-0.04,0.877-0.187,1.354-0.31,1.671c-0.163,0.42-0.358,0.72-0.673,1.035 c-0.315,0.315-0.615,0.51-1.035,0.673c-0.317,0.123-0.794,0.27-1.671,0.31c-0.949,0.043-1.233,0.052-3.637,0.052 s-2.688-0.009-3.637-0.052c-0.877-0.04-1.354-0.187-1.671-0.31c-0.42-0.163-0.72-0.358-1.035-0.673 c-0.315-0.315-0.51-0.615-0.673-1.035c-0.123-0.317-0.27-0.794-0.31-1.671C4.631,14.688,4.622,14.403,4.622,12 s0.009-2.688,0.052-3.637c0.04-0.877,0.187-1.354,0.31-1.671c0.163-0.42,0.358-0.72,0.673-1.035 c0.315-0.315,0.615-0.51,1.035-0.673c0.317-0.123,0.794-0.27,1.671-0.31C9.312,4.631,9.597,4.622,12,4.622 M12,3 C9.556,3,9.249,3.01,8.289,3.054C7.331,3.098,6.677,3.25,6.105,3.472C5.513,3.702,5.011,4.01,4.511,4.511 c-0.5,0.5-0.808,1.002-1.038,1.594C3.25,6.677,3.098,7.331,3.054,8.289C3.01,9.249,3,9.556,3,12c0,2.444,0.01,2.751,0.054,3.711 c0.044,0.958,0.196,1.612,0.418,2.185c0.23,0.592,0.538,1.094,1.038,1.594c0.5,0.5,1.002,0.808,1.594,1.038 c0.572,0.222,1.227,0.375,2.185,0.418C9.249,20.99,9.556,21,12,21s2.751-0.01,3.711-0.054c0.958-0.044,1.612-0.196,2.185-0.418 c0.592-0.23,1.094-0.538,1.594-1.038c0.5-0.5,0.808-1.002,1.038-1.594c0.222-0.572,0.375-1.227,0.418-2.185 C20.99,14.751,21,14.444,21,12s-0.01-2.751-0.054-3.711c-0.044-0.958-0.196-1.612-0.418-2.185c-0.23-0.592-0.538-1.094-1.038-1.594 c-0.5-0.5-1.002-0.808-1.594-1.038c-0.572-0.222-1.227-0.375-2.185-0.418C14.751,3.01,14.444,3,12,3L12,3z M12,7.378 c-2.552,0-4.622,2.069-4.622,4.622S9.448,16.622,12,16.622s4.622-2.069,4.622-4.622S14.552,7.378,12,7.378z M12,15 c-1.657,0-3-1.343-3-3s1.343-3,3-3s3,1.343,3,3S13.657,15,12,15z M16.804,6.116c-0.596,0-1.08,0.484-1.08,1.08 s0.484,1.08,1.08,1.08c0.596,0,1.08-0.484,1.08-1.08S17.401,6.116,16.804,6.116z\"><\/path><\/svg><span class=\"wp-block-social-link-label screen-reader-text\">Instagram<\/span><\/a><\/li><\/ul>\n<\/div>\n<\/div>\n<\/div>\n<\/div>\n<\/div><\/div>\n","protected":false},"excerpt":{"rendered":"<p>kontakty kontakty Telefon: +420 233 378 809 Email: info@mojemedicentrum.cz adresa Dukelsk\u00fdch hrdin\u016f 848\/17 Praha 7 &#8211; Hole\u0161ovice 17000 otev\u00edrac\u00ed doba Pond\u011bl\u00ed &#8211; P\u00e1tek 8:30 &#8211; 15:30<\/p>\n","protected":false},"author":1,"featured_media":0,"parent":0,"menu_order":0,"comment_status":"closed","ping_status":"closed","template":"","meta":{"site-sidebar-layout":"no-sidebar","site-content-layout":"plain-container","ast-global-header-display":"","ast-main-header-display":"","ast-hfb-above-header-display":"","ast-hfb-below-header-display":"","ast-hfb-mobile-header-display":"","site-post-title":"disabled","ast-breadcrumbs-content":"","ast-featured-img":"disabled","footer-sml-layout":"","theme-transparent-header-meta":"enabled","adv-header-id-meta":"","stick-header-meta":"","header-above-stick-meta":"","header-main-stick-meta":"","header-below-stick-meta":"","footnotes":""},"class_list":["post-242","page","type-page","status-publish","hentry"],"uagb_featured_image_src":{"full":false,"thumbnail":false,"medium":false,"medium_large":false,"large":false,"1536x1536":false,"2048x2048":false},"uagb_author_info":{"display_name":"mojemedice","author_link":"https:\/\/www.mojemedicentrum.cz\/?author=1"},"uagb_comment_info":0,"uagb_excerpt":"kontakty kontakty Telefon: +420 233 378 809 Email: info@mojemedicentrum.cz adresa Dukelsk\u00fdch hrdin\u016f 848\/17 Praha 7 &#8211; Hole\u0161ovice 17000 otev\u00edrac\u00ed doba Pond\u011bl\u00ed &#8211; P\u00e1tek 8:30 &#8211; 15:30","_links":{"self":[{"href":"https:\/\/www.mojemedicentrum.cz\/index.php?rest_route=\/wp\/v2\/pages\/242","targetHints":{"allow":["GET"]}}],"collection":[{"href":"https:\/\/www.mojemedicentrum.cz\/index.php?rest_route=\/wp\/v2\/pages"}],"about":[{"href":"https:\/\/www.mojemedicentrum.cz\/index.php?rest_route=\/wp\/v2\/types\/page"}],"author":[{"embeddable":true,"href":"https:\/\/www.mojemedicentrum.cz\/index.php?rest_route=\/wp\/v2\/users\/1"}],"replies":[{"embeddable":true,"href":"https:\/\/www.mojemedicentrum.cz\/index.php?rest_route=%2Fwp%2Fv2%2Fcomments&post=242"}],"version-history":[{"count":11,"href":"https:\/\/www.mojemedicentrum.cz\/index.php?rest_route=\/wp\/v2\/pages\/242\/revisions"}],"predecessor-version":[{"id":1020,"href":"https:\/\/www.mojemedicentrum.cz\/index.php?rest_route=\/wp\/v2\/pages\/242\/revisions\/1020"}],"wp:attachment":[{"href":"https:\/\/www.mojemedicentrum.cz\/index.php?rest_route=%2Fwp%2Fv2%2Fmedia&parent=242"}],"curies":[{"name":"wp","href":"https:\/\/api.w.org\/{rel}","templated":true}]}}