{"id":907,"date":"2022-06-23T13:12:15","date_gmt":"2022-06-23T13:12:15","guid":{"rendered":"https:\/\/www.mojemedicentrum.cz\/?page_id=907"},"modified":"2022-10-10T10:23:53","modified_gmt":"2022-10-10T10:23:53","slug":"dermatologie","status":"publish","type":"page","link":"https:\/\/www.mojemedicentrum.cz\/?page_id=907","title":{"rendered":"Dermatologie"},"content":{"rendered":"\n<figure class=\"wp-block-image size-large is-resized\"><img loading=\"lazy\" decoding=\"async\" src=\"http:\/\/www.mojemedicentrum.cz\/wp-content\/uploads\/2022\/06\/cream-lotion-hands-4713579-1024x682.jpg\" alt=\"cream, lotion, hands-4713579.jpg\" class=\"wp-image-963\" width=\"508\" height=\"338\" srcset=\"https:\/\/www.mojemedicentrum.cz\/wp-content\/uploads\/2022\/06\/cream-lotion-hands-4713579-1024x682.jpg 1024w, https:\/\/www.mojemedicentrum.cz\/wp-content\/uploads\/2022\/06\/cream-lotion-hands-4713579-300x200.jpg 300w, https:\/\/www.mojemedicentrum.cz\/wp-content\/uploads\/2022\/06\/cream-lotion-hands-4713579-768x512.jpg 768w, https:\/\/www.mojemedicentrum.cz\/wp-content\/uploads\/2022\/06\/cream-lotion-hands-4713579.jpg 1280w\" sizes=\"auto, (max-width: 508px) 100vw, 508px\" \/><\/figure>\n\n\n\n<p class=\"has-large-font-size\">Nov\u011b p\u0159est\u011bhov\u00e1ni na adresu: ATODA MEDICAL U Pr\u016fhonu 13, Praha 7 &#8211; Hole\u0161ovice, 1. patro, volejte na: 277 003 100<\/p>\n\n\n\n<p><\/p>\n\n\n\n<p class=\"has-medium-font-size\">Prov\u00e1d\u00edme konzultace a r\u016fznorod\u00e9 estetick\u00e9 \u00fakony.  <\/p>\n\n\n\n<p><\/p>\n\n\n\n<p><strong>Ordina\u010dn\u00ed hodiny: <\/strong><\/p>\n\n\n\n<p>\u00fater\u00fd: 8-12<\/p>\n\n\n\n<p> st\u0159eda: 13-17<\/p>\n\n\n\n<p>\u010dtvrtek: 8-12<\/p>\n\n\n\n<p>OBJEDN\u00c1VKY POUZE P\u0158ES TEL. \u010c\u00cdSLO RECEPCE: <strong>+420 233 378 809<\/strong><\/p>\n\n\n\n<p>Spolupracujeme s t\u011bmito poji\u0161\u0165ovnami: 207, 211, 111, 201.<\/p>\n\n\n\n<p>Cena je v\u017edy p\u0159edem domluvena s klientem. <\/p>\n\n\n\n<p><\/p>\n","protected":false},"excerpt":{"rendered":"<p>Nov\u011b p\u0159est\u011bhov\u00e1ni na adresu: ATODA MEDICAL U Pr\u016fhonu 13, Praha 7 &#8211; Hole\u0161ovice, 1. patro, volejte na: 277 003 100 Prov\u00e1d\u00edme konzultace a r\u016fznorod\u00e9 estetick\u00e9 \u00fakony. Ordina\u010dn\u00ed hodiny: \u00fater\u00fd: 8-12 st\u0159eda: 13-17 \u010dtvrtek: 8-12 OBJEDN\u00c1VKY POUZE P\u0158ES TEL. \u010c\u00cdSLO RECEPCE: +420 233 378 809 Spolupracujeme s t\u011bmito poji\u0161\u0165ovnami: 207, 211, 111, 201. Cena je v\u017edy &hellip;<\/p>\n<p class=\"read-more\"> <a class=\"\" href=\"https:\/\/www.mojemedicentrum.cz\/?page_id=907\"> <span class=\"screen-reader-text\">Dermatologie<\/span> Pokra\u010dovat ve \u010dten\u00ed &raquo;<\/a><\/p>\n","protected":false},"author":1,"featured_media":0,"parent":0,"menu_order":0,"comment_status":"closed","ping_status":"closed","template":"","meta":{"site-sidebar-layout":"default","site-content-layout":"default","ast-global-header-display":"","ast-main-header-display":"","ast-hfb-above-header-display":"","ast-hfb-below-header-display":"","ast-hfb-mobile-header-display":"","site-post-title":"","ast-breadcrumbs-content":"","ast-featured-img":"","footer-sml-layout":"","theme-transparent-header-meta":"","adv-header-id-meta":"","stick-header-meta":"","header-above-stick-meta":"","header-main-stick-meta":"","header-below-stick-meta":"","footnotes":""},"class_list":["post-907","page","type-page","status-publish","hentry"],"uagb_featured_image_src":{"full":false,"thumbnail":false,"medium":false,"medium_large":false,"large":false,"1536x1536":false,"2048x2048":false},"uagb_author_info":{"display_name":"mojemedice","author_link":"https:\/\/www.mojemedicentrum.cz\/?author=1"},"uagb_comment_info":0,"uagb_excerpt":"Nov\u011b p\u0159est\u011bhov\u00e1ni na adresu: ATODA MEDICAL U Pr\u016fhonu 13, Praha 7 &#8211; Hole\u0161ovice, 1. patro, volejte na: 277 003 100 Prov\u00e1d\u00edme konzultace a r\u016fznorod\u00e9 estetick\u00e9 \u00fakony. Ordina\u010dn\u00ed hodiny: \u00fater\u00fd: 8-12 st\u0159eda: 13-17 \u010dtvrtek: 8-12 OBJEDN\u00c1VKY POUZE P\u0158ES TEL. \u010c\u00cdSLO RECEPCE: +420 233 378 809 Spolupracujeme s t\u011bmito poji\u0161\u0165ovnami: 207, 211, 111, 201. Cena je v\u017edy&hellip;","_links":{"self":[{"href":"https:\/\/www.mojemedicentrum.cz\/index.php?rest_route=\/wp\/v2\/pages\/907","targetHints":{"allow":["GET"]}}],"collection":[{"href":"https:\/\/www.mojemedicentrum.cz\/index.php?rest_route=\/wp\/v2\/pages"}],"about":[{"href":"https:\/\/www.mojemedicentrum.cz\/index.php?rest_route=\/wp\/v2\/types\/page"}],"author":[{"embeddable":true,"href":"https:\/\/www.mojemedicentrum.cz\/index.php?rest_route=\/wp\/v2\/users\/1"}],"replies":[{"embeddable":true,"href":"https:\/\/www.mojemedicentrum.cz\/index.php?rest_route=%2Fwp%2Fv2%2Fcomments&post=907"}],"version-history":[{"count":4,"href":"https:\/\/www.mojemedicentrum.cz\/index.php?rest_route=\/wp\/v2\/pages\/907\/revisions"}],"predecessor-version":[{"id":1010,"href":"https:\/\/www.mojemedicentrum.cz\/index.php?rest_route=\/wp\/v2\/pages\/907\/revisions\/1010"}],"wp:attachment":[{"href":"https:\/\/www.mojemedicentrum.cz\/index.php?rest_route=%2Fwp%2Fv2%2Fmedia&parent=907"}],"curies":[{"name":"wp","href":"https:\/\/api.w.org\/{rel}","templated":true}]}}